{"id":1250,"date":"2023-10-22T14:43:39","date_gmt":"2023-10-22T14:43:39","guid":{"rendered":"http:\/\/localhost\/indostio\/?page_id=1250"},"modified":"2025-07-30T08:36:10","modified_gmt":"2025-07-30T08:36:10","slug":"about-us","status":"publish","type":"page","link":"https:\/\/petkus.fi\/et\/about-us\/","title":{"rendered":"Meist"},"content":{"rendered":"<div data-elementor-type=\"wp-page\" data-elementor-id=\"1250\" class=\"elementor elementor-1250\" data-elementor-post-type=\"page\">\n\t\t\t\t<div class=\"elementor-element elementor-element-17f8be8 e-flex e-con-boxed e-con e-parent\" data-id=\"17f8be8\" data-element_type=\"container\">\n\t\t\t\t\t<div class=\"e-con-inner\">\n\t\t<div class=\"elementor-element elementor-element-0107a6d e-con-full e-flex e-con e-child\" data-id=\"0107a6d\" data-element_type=\"container\">\n\t\t\t\t<div class=\"elementor-element elementor-element-c5c1585 elementor-widget elementor-widget-indostio-banner\" data-id=\"c5c1585\" data-element_type=\"widget\" data-widget_type=\"indostio-banner.default\">\n\t\t\t\t<div class=\"elementor-widget-container\">\n\t\t\t\t\t\t\t<div class=\"indostio-banner\">\r\n\t\t\t\t\t\t<img decoding=\"async\" src=\"https:\/\/petkus.fi\/wp-content\/uploads\/2025\/01\/IMG_20180814_111832.jpeg\" title=\"IMG_20180814_111832\" alt=\"Uus teraviljasorteer Petkus U-12\" loading=\"lazy\" \/>\t\t\t<div class=\"indostio-banner__content\">\r\n\t\t\t\t\t\t\t\t<div class=\"indostio-banner_title\"><\/div>\r\n\t\t\t<\/div>\r\n\t\t\t\t\t<\/div>\r\n\t\t\t\t\t\t<\/div>\n\t\t\t\t<\/div>\n\t\t\t\t<\/div>\n\t\t<div class=\"elementor-element elementor-element-5c13b09 e-con-full e-flex e-con e-child\" data-id=\"5c13b09\" data-element_type=\"container\">\n\t\t\t\t<div class=\"elementor-element elementor-element-5fa8ed7 elementor-widget elementor-widget-indostio-section-title\" data-id=\"5fa8ed7\" data-element_type=\"widget\" data-widget_type=\"indostio-section-title.default\">\n\t\t\t\t<div class=\"elementor-widget-container\">\n\t\t\t\t\t\t\t<div class=\"indostio-section-title\">\r\n\t\t\t\t<div class=\"indostio-section-title__content\">\r\n\t\t\t\t\t\t\t\t\t\t\t<span class=\"indostio-section-title_subheading\">Meie ettev\u00f5tte kohta<\/span>\r\n\t\t\t\t\t\t\t\t\t\t<h1 class=\"indostio-section-title_heading\">\r\n\t\t\t\t\t\tBaltik Agro Service O\u00dc on PETKUS toodete lepinguline volitatud edasim\u00fc\u00fcja Baltikumis ja Soomes.\t\t\t\t\t<\/h1>\r\n\t\t\t\t\t\t\t\t\t<\/div>\r\n\t\t\t\t\t\t\t<\/div>\r\n\t\t\t\t\t\t<\/div>\n\t\t\t\t<\/div>\n\t\t\t\t<div class=\"elementor-element elementor-element-3e36d3b elementor-widget elementor-widget-text-editor\" data-id=\"3e36d3b\" data-element_type=\"widget\" data-widget_type=\"text-editor.default\">\n\t\t\t\t<div class=\"elementor-widget-container\">\n\t\t\t\t\t\t\t\t\t<p class=\"ng-star-inserted\"><span class=\"ng-star-inserted\">PETKUS tootmisettev\u00f5te oli esimene ettev\u00f5te maailmas, mis alustas 1852. aastal mehaanilise sorteerimistehnoloogia arendamist ja tootmist.<\/span><span class=\"ng-star-inserted\"> Peaaegu k\u00f5ik t\u00e4nap\u00e4evalgi kasutatavad teravilja koristusj\u00e4rgse t\u00f6\u00f6tlemise meetodid t\u00f6\u00f6tas kunagi v\u00e4lja PETKUS.<\/span><\/p><p class=\"ng-star-inserted\"><span class=\"ng-star-inserted\">PETKUS on j\u00e4tkuvalt maailma suurim sorteerijate ja puhastustehnika m\u00fc\u00fcja.<\/span><\/p><p class=\"ng-star-inserted\"><span class=\"ng-star-inserted\">Pakume oma klientidele uusi seadmeid Petkuse tootmisettev\u00f5ttest. N\u00f5ustame kliente seadmete valikul ning seisame nende k\u00f5rval n\u00f5u ja toetusega kuni seadmete kasutuselev\u00f5tmiseni. M\u00fc\u00fcme Petkus'e seadmete varuosasid, ka vanemate Petkus'e mudelite jaoks. Soovi korral pakume oma klientidele varuosade paigaldamist, remondikalkulatsioonide koostamist, seadmete t\u00e4ielikku kapitaalremonti ja renoveeritud seadmete m\u00fc\u00fcki.<\/span><\/p>\t\t\t\t\t\t\t\t<\/div>\n\t\t\t\t<\/div>\n\t\t\t\t<div class=\"elementor-element elementor-element-2d0b71d elementor-widget elementor-widget-button\" data-id=\"2d0b71d\" data-element_type=\"widget\" data-widget_type=\"button.default\">\n\t\t\t\t<div class=\"elementor-widget-container\">\n\t\t\t\t\t\t\t\t\t<div class=\"elementor-button-wrapper\">\n\t\t\t\t\t<a class=\"elementor-button elementor-button-link elementor-size-sm\" href=\"https:\/\/petkus.fi\/et\/contact-us\/\">\n\t\t\t\t\t\t<span class=\"elementor-button-content-wrapper\">\n\t\t\t\t\t\t<span class=\"elementor-button-icon\">\n\t\t\t\t<svg aria-hidden=\"true\" class=\"e-font-icon-svg e-fas-angle-double-right\" viewbox=\"0 0 448 512\" xmlns=\"http:\/\/www.w3.org\/2000\/svg\"><path d=\"M224.3 273l-136 136c-9.4 9.4-24.6 9.4-33.9 0l-22.6-22.6c-9.4-9.4-9.4-24.6 0-33.9l96.4-96.4-96.4-96.4c-9.4-9.4-9.4-24.6 0-33.9L54.3 103c9.4-9.4 24.6-9.4 33.9 0l136 136c9.5 9.4 9.5 24.6.1 34zm192-34l-136-136c-9.4-9.4-24.6-9.4-33.9 0l-22.6 22.6c-9.4 9.4-9.4 24.6 0 33.9l96.4 96.4-96.4 96.4c-9.4 9.4-9.4 24.6 0 33.9l22.6 22.6c9.4 9.4 24.6 9.4 33.9 0l136-136c9.4-9.2 9.4-24.4 0-33.8z\"><\/path><\/svg>\t\t\t<\/span>\n\t\t\t\t\t\t\t\t\t<span class=\"elementor-button-text\">V\u00f5tke \u00fchendust<\/span>\n\t\t\t\t\t<\/span>\n\t\t\t\t\t<\/a>\n\t\t\t\t<\/div>\n\t\t\t\t\t\t\t\t<\/div>\n\t\t\t\t<\/div>\n\t\t\t\t<\/div>\n\t\t\t\t\t<\/div>\n\t\t\t\t<\/div>\n\t\t\t\t<\/div>","protected":false},"excerpt":{"rendered":"<p>About our company Baltik Agro Service O\u00dc is a contractually authorized dealer of PETKUS products in the Baltics and Finland. The PETKUS manufacturing plant was the first company in the world to begin developing and producing mechanical sorting technology in 1852. Almost all methods still used today in the post-harvest processing of grain were once [&hellip;]<\/p>\n","protected":false},"author":1,"featured_media":0,"parent":0,"menu_order":0,"comment_status":"closed","ping_status":"closed","template":"","meta":{"footnotes":""},"class_list":["post-1250","page","type-page","status-publish","hentry"],"_links":{"self":[{"href":"https:\/\/petkus.fi\/et\/wp-json\/wp\/v2\/pages\/1250","targetHints":{"allow":["GET"]}}],"collection":[{"href":"https:\/\/petkus.fi\/et\/wp-json\/wp\/v2\/pages"}],"about":[{"href":"https:\/\/petkus.fi\/et\/wp-json\/wp\/v2\/types\/page"}],"author":[{"embeddable":true,"href":"https:\/\/petkus.fi\/et\/wp-json\/wp\/v2\/users\/1"}],"replies":[{"embeddable":true,"href":"https:\/\/petkus.fi\/et\/wp-json\/wp\/v2\/comments?post=1250"}],"version-history":[{"count":5,"href":"https:\/\/petkus.fi\/et\/wp-json\/wp\/v2\/pages\/1250\/revisions"}],"predecessor-version":[{"id":7245,"href":"https:\/\/petkus.fi\/et\/wp-json\/wp\/v2\/pages\/1250\/revisions\/7245"}],"wp:attachment":[{"href":"https:\/\/petkus.fi\/et\/wp-json\/wp\/v2\/media?parent=1250"}],"curies":[{"name":"wp","href":"https:\/\/api.w.org\/{rel}","templated":true}]}}