{"id":2186,"date":"2023-10-26T14:14:29","date_gmt":"2023-10-26T14:14:29","guid":{"rendered":"http:\/\/localhost\/indostio\/?page_id=2186"},"modified":"2025-07-25T12:41:33","modified_gmt":"2025-07-25T12:41:33","slug":"warranty-conditions","status":"publish","type":"page","link":"https:\/\/petkus.fi\/et\/warranty-conditions\/","title":{"rendered":"Garantiitingimused"},"content":{"rendered":"<div data-elementor-type=\"wp-page\" data-elementor-id=\"2186\" class=\"elementor elementor-2186\" data-elementor-post-type=\"page\">\n\t\t\t\t<div class=\"elementor-element elementor-element-0cde7b6 e-flex e-con-boxed e-con e-parent\" data-id=\"0cde7b6\" data-element_type=\"container\">\n\t\t\t\t\t<div class=\"e-con-inner\">\n\t\t<div class=\"elementor-element elementor-element-b3e76c6 e-con-full e-flex e-con e-child\" data-id=\"b3e76c6\" data-element_type=\"container\">\n\t\t\t\t<div class=\"elementor-element elementor-element-9b84f2a elementor-widget elementor-widget-indostio-section-title\" data-id=\"9b84f2a\" data-element_type=\"widget\" data-widget_type=\"indostio-section-title.default\">\n\t\t\t\t<div class=\"elementor-widget-container\">\n\t\t\t\t\t\t\t<div class=\"indostio-section-title\">\r\n\t\t\t\t<div class=\"indostio-section-title__content\">\r\n\t\t\t\t\t\t\t\t\t\t\t<span class=\"indostio-section-title_subheading\">Baltik Agro Service O\u00dc<\/span>\r\n\t\t\t\t\t\t\t\t\t\t<h2 class=\"indostio-section-title_heading\">\r\n\t\t\t\t\t\tGarantiitingimused\t\t\t\t\t<\/h2>\r\n\t\t\t\t\t\t\t\t\t<\/div>\r\n\t\t\t\t\t\t\t<\/div>\r\n\t\t\t\t\t\t<\/div>\n\t\t\t\t<\/div>\n\t\t<div class=\"elementor-element elementor-element-ddf5bfd e-flex e-con-boxed e-con e-child\" data-id=\"ddf5bfd\" data-element_type=\"container\">\n\t\t\t\t\t<div class=\"e-con-inner\">\n\t\t\t\t<div class=\"elementor-element elementor-element-9c9871d elementor-widget elementor-widget-text-editor\" data-id=\"9c9871d\" data-element_type=\"widget\" data-widget_type=\"text-editor.default\">\n\t\t\t\t<div class=\"elementor-widget-container\">\n\t\t\t\t\t\t\t\t\t<p><strong>Baltik Agro Service O\u00dc<\/strong> (edaspidi \"BAS\") annab oma m\u00fc\u00fcdavatele\/remonditavatele seadmetele garantii v\u00f5imalike konstruktsiooni-, tootmis- ja materjalivigade suhtes.<\/p><p>P\u00e4rast garantiiperioodi l\u00f5ppu ei ole garantiiperioodi jooksul esitatud puudusest teatamise n\u00f5ue kehtiv, v\u00e4lja arvatud juhul, kui see on esitatud kirjalikult.<\/p><p>Uute seadmete garantiiaeg on kaks (2) aastat alates seadme \u00fcleandmisest ostjale.<\/p><p>Renoveeritud\/remonditud seadmete garantiiaeg on \u00fcks (1) aasta alates seadmete \u00fcleandmisest ostjale.<\/p><p>Garantii kehtib m\u00fc\u00fcdud\/parandatud seadme esimesele ostjale\/kasutajale.<br \/>The client ordering warranty repair must prove the validity of the equipment\u2019s warranty period.<\/p><p><strong>GARANTII H\u00d5LMAB<\/strong>:<\/p><p>Garantii katab kulud, mis tekivad BASi poolt garantiiperioodi jooksul tuvastatud seadmete konstruktsiooni-, tootmis- ja materjalivigade parandamiseks. BAS parandab eespool nimetatud defektid, taastades seadme t\u00f6\u00f6korras oleku. Garantii alusel asendatud osad ja komponendid kuuluvad m\u00fc\u00fcjale ja tuleb tagastada.<\/p><p><strong>GARANTIIT\u00d6\u00d6DE TEOSTAMINE<\/strong>:<\/p><p>Permanently installed equipment will be repaired at the client\u2019s location on working days between 8:00 and 16:30, but by special arrangement, outside of normal working hours at the client\u2019s request. If the client requests that the warranty repair be carried out outside of normal working hours, they will compensate for the resulting additional costs. When a technician arrives on-site for an equipment inspection, free access to the equipment must be prepared for the technician.<\/p><p><strong>VASTUTUSE JA GARANTII PIIRANGUD:<\/strong><\/p><p>This warranty is valid on the condition that the equipment has been used in what are considered normal conditions and that the operating instructions have been carefully followed. If the aforementioned conditions are met, BAS is responsible. The warranty does not compensate for losses that a defect in the equipment may cause, including property damage, personal injury, and damage to other objects, loss of income, and other indirect damages. Warranty repair does not include the regular maintenance of the equipment and does not cover expenses arising from the failure to comply with the equipment\u2019s use and maintenance regulations.<\/p><p><strong>GARANTII EI H\u00d5LMA DEFEKTE, MIS ON TEKKINUD:<\/strong><\/p><p>Ebakorrektne transport, seadme mittevastav t\u00f5stmine v\u00f5i teisaldamine ning seadme paigaldamise eeskirjade eiramine (v\u00e4lja arvatud juhul, kui seda teeb BAS). Seadme kasutaja hooletus v\u00f5i seadme \u00fclekoormamine v\u00f5i kasutusjuhendite v\u00f5i k\u00e4itlemistingimuste eiramine. Seadme kasutamine muul kui etten\u00e4htud eesm\u00e4rgil. BASist s\u00f5ltumatud tingimused, nagu pingek\u00f5ikumised, tulekahju, valed \u00fchendused, omavoliliste teenindusettev\u00f5tete poolt teostatud remondi- v\u00f5i hooldust\u00f6\u00f6dest p\u00f5hjustatud kahjustused v\u00f5i seadme konstruktsioonilised muudatused. Paigaldamine v\u00f5i paigutamine kasutuskohas, mis ei vasta paigaldus- ja kasutusjuhendile v\u00f5i on muul viisil ebakorrektne. Kasutaja poolt mittevastavad k\u00e4itlemistingimused (n\u00e4iteks miinustemperatuurid).<\/p><p><strong>V\u00c4IKSEMAD DEFEKTID, SEADISTUSED, KASUTUSJUHENDID JA SEADME LISASEADMED:<\/strong><\/p><p>Garantii ei h\u00f5lma seadme toimimise seisukohalt ebaoluliste pinnakriimustuste parandamist, standardses kasutusjuhendis mainitud seadistusi, kasutaja kohapealset koolitust ega t\u00f6\u00f6d, mis tulenevad ettevaatus- v\u00f5i paigaldusreeglite eiramisest v\u00f5i nende selgitamisest paigalduskohas. Garantii ei h\u00f5lma osi, mis v\u00f5ivad puruneda tavap\u00e4rase kasutamise v\u00f5i loomuliku kulumise t\u00f5ttu, nt hoiatustuled, liikuvad plastosad ja tihendid.<\/p><p><strong>MEETMED, MIDA TULEB V\u00d5TTA DEFEKTI KORRAL:<\/strong><\/p><p>Defekti ilmnemisel garantiiaja jooksul peab klient sellest viivitamatult teavitama Baltik Agro Service O\u00dc-d. Defektist teatamisel peab klient m\u00e4rkima, millise seadmega on tegemist (mark, mudel), kirjeldama v\u00f5imalikult t\u00e4pselt defekti olemust ja tingimusi, milles defekt esineb ja\/v\u00f5i esineb. BAS teeb omalt poolt kindlaks, kas seade ja kirjeldatud defekt kuuluvad garantii alla ning annab kliendile teavet parandamise viisi ja aja kohta.<\/p>\t\t\t\t\t\t\t\t<\/div>\n\t\t\t\t<\/div>\n\t\t\t\t\t<\/div>\n\t\t\t\t<\/div>\n\t\t\t\t<\/div>\n\t\t\t\t\t<\/div>\n\t\t\t\t<\/div>\n\t\t\t\t<\/div>","protected":false},"excerpt":{"rendered":"<p>Baltik Agro Service O\u00dc Warranty conditions Baltik Agro Service O\u00dc (hereinafter referred to as BAS) provides a warranty for the equipment it sells\/repairs against possible construction, manufacturing, and material defects. After the warranty period has expired, a claim of notification of a defect during the warranty period is not valid unless it has been made [&hellip;]<\/p>\n","protected":false},"author":1,"featured_media":0,"parent":0,"menu_order":0,"comment_status":"closed","ping_status":"closed","template":"","meta":{"footnotes":""},"class_list":["post-2186","page","type-page","status-publish","hentry"],"_links":{"self":[{"href":"https:\/\/petkus.fi\/et\/wp-json\/wp\/v2\/pages\/2186","targetHints":{"allow":["GET"]}}],"collection":[{"href":"https:\/\/petkus.fi\/et\/wp-json\/wp\/v2\/pages"}],"about":[{"href":"https:\/\/petkus.fi\/et\/wp-json\/wp\/v2\/types\/page"}],"author":[{"embeddable":true,"href":"https:\/\/petkus.fi\/et\/wp-json\/wp\/v2\/users\/1"}],"replies":[{"embeddable":true,"href":"https:\/\/petkus.fi\/et\/wp-json\/wp\/v2\/comments?post=2186"}],"version-history":[{"count":5,"href":"https:\/\/petkus.fi\/et\/wp-json\/wp\/v2\/pages\/2186\/revisions"}],"predecessor-version":[{"id":7232,"href":"https:\/\/petkus.fi\/et\/wp-json\/wp\/v2\/pages\/2186\/revisions\/7232"}],"wp:attachment":[{"href":"https:\/\/petkus.fi\/et\/wp-json\/wp\/v2\/media?parent=2186"}],"curies":[{"name":"wp","href":"https:\/\/api.w.org\/{rel}","templated":true}]}}