{"id":434,"date":"2023-10-21T02:58:26","date_gmt":"2023-10-21T02:58:26","guid":{"rendered":"http:\/\/localhost\/indostio\/?page_id=434"},"modified":"2025-07-25T12:42:35","modified_gmt":"2025-07-25T12:42:35","slug":"contact-us","status":"publish","type":"page","link":"https:\/\/petkus.fi\/et\/contact-us\/","title":{"rendered":"V\u00f5tke \u00fchendust"},"content":{"rendered":"<div data-elementor-type=\"wp-page\" data-elementor-id=\"434\" class=\"elementor elementor-434\" data-elementor-post-type=\"page\">\n\t\t\t\t<div class=\"elementor-element elementor-element-231f7bb e-flex e-con-boxed e-con e-parent\" data-id=\"231f7bb\" data-element_type=\"container\" data-settings=\"{&quot;background_background&quot;:&quot;classic&quot;}\">\n\t\t\t\t\t<div class=\"e-con-inner\">\n\t\t<div class=\"elementor-element elementor-element-e4b2658 e-flex e-con-boxed e-con e-child\" data-id=\"e4b2658\" data-element_type=\"container\" data-settings=\"{&quot;background_background&quot;:&quot;classic&quot;}\">\n\t\t\t\t\t<div class=\"e-con-inner\">\n\t\t\t\t<div class=\"elementor-element elementor-element-a75f9c0 elementor-widget elementor-widget-indostio-heading\" data-id=\"a75f9c0\" data-element_type=\"widget\" data-widget_type=\"indostio-heading.default\">\n\t\t\t\t<div class=\"elementor-widget-container\">\n\t\t\t\t\t\t\t<div class=\"indostio-heading-elementor\">\r\n\t\t\t\t<h1 class=\"indostio-heading\">\r\n\t\t\t\t\tV\u00f5tke \u00fchendust\t\t\t\t<\/h1>\r\n\t\t\t<\/div>\r\n\t\t\t\t\t\t<\/div>\n\t\t\t\t<\/div>\n\t\t\t\t<div class=\"elementor-element elementor-element-d2dca9d elementor-widget elementor-widget-text-editor\" data-id=\"d2dca9d\" data-element_type=\"widget\" data-widget_type=\"text-editor.default\">\n\t\t\t\t<div class=\"elementor-widget-container\">\n\t\t\t\t\t\t\t\t\t<p class=\"ng-star-inserted\"><span class=\"ng-star-inserted\">K\u00fcsi meilt hinnapakkumist v\u00f5i teavet meie toodete kohta.<\/span><\/p>\t\t\t\t\t\t\t\t<\/div>\n\t\t\t\t<\/div>\n\t\t<div class=\"elementor-element elementor-element-7b6f29e e-con-full e-flex e-con e-child\" data-id=\"7b6f29e\" data-element_type=\"container\">\n\t\t<div class=\"elementor-element elementor-element-ba6d9be e-con-full e-flex e-con e-child\" data-id=\"ba6d9be\" data-element_type=\"container\">\n\t\t\t\t<div class=\"elementor-element elementor-element-af3d4f0 elementor-widget elementor-widget-indostio-heading\" data-id=\"af3d4f0\" data-element_type=\"widget\" data-widget_type=\"indostio-heading.default\">\n\t\t\t\t<div class=\"elementor-widget-container\">\n\t\t\t\t\t\t\t<div class=\"indostio-heading-elementor\">\r\n\t\t\t\t<h2 class=\"indostio-heading\">\r\n\t\t\t\t\tEesti\t\t\t\t<\/h2>\r\n\t\t\t<\/div>\r\n\t\t\t\t\t\t<\/div>\n\t\t\t\t<\/div>\n\t\t\t\t<div class=\"elementor-element elementor-element-a054ec1 elementor-widget elementor-widget-indostio-heading\" data-id=\"a054ec1\" data-element_type=\"widget\" data-widget_type=\"indostio-heading.default\">\n\t\t\t\t<div class=\"elementor-widget-container\">\n\t\t\t\t\t\t\t<div class=\"indostio-heading-elementor\">\r\n\t\t\t\t<div class=\"indostio-heading\">\r\n\t\t\t\t\tTart-Hansu, Mustivere k\u00fcla, 71067 Viljandi vald, Viljandi maakond\t\t\t\t<\/div>\r\n\t\t\t<\/div>\r\n\t\t\t\t\t\t<\/div>\n\t\t\t\t<\/div>\n\t\t\t\t<div class=\"elementor-element elementor-element-41e2cce elementor-widget elementor-widget-indostio-heading\" data-id=\"41e2cce\" data-element_type=\"widget\" data-widget_type=\"indostio-heading.default\">\n\t\t\t\t<div class=\"elementor-widget-container\">\n\t\t\t\t\t\t\t<div class=\"indostio-heading-elementor\">\r\n\t\t\t\t<div class=\"indostio-heading\">\r\n\t\t\t\t\tinfo@petkus.ee\t\t\t\t<\/div>\r\n\t\t\t<\/div>\r\n\t\t\t\t\t\t<\/div>\n\t\t\t\t<\/div>\n\t\t\t\t<div class=\"elementor-element elementor-element-6005270 indostio-icon-box__icon-alignment--left indostio-icon-box__vertical-align-middle indostio-icon-box__icon-position--left elementor-widget elementor-widget-indostio-icon-box\" data-id=\"6005270\" data-element_type=\"widget\" data-widget_type=\"indostio-icon-box.default\">\n\t\t\t\t<div class=\"elementor-widget-container\">\n\t\t\t\t\t\t\t<div class=\"indostio-icon-box no-desc icon-type-icon\">\r\n\t\t\t\t\t\t\t\t\t\t<div class=\"indostio-icon-box__icon\">\r\n\t\t\t\t\t<span class=\"indostio-svg-icon\"><svg xmlns=\"http:\/\/www.w3.org\/2000\/svg\" width=\"13\" height=\"13\" viewbox=\"0 0 13 13\" fill=\"none\"><path d=\"M12.0547 1.50293L9.61719 0.94043C9.35938 0.870117 9.07812 1.01074 8.96094 1.26855L7.83594 3.89355C7.74219 4.12793 7.8125 4.38574 8 4.5498L9.42969 5.72168C8.58594 7.50293 7.10938 9.00293 5.28125 9.87012L4.10938 8.44043C3.94531 8.25293 3.6875 8.18262 3.45312 8.27637L0.828125 9.40137C0.570312 9.51855 0.453125 9.7998 0.5 10.0576L1.0625 12.4951C1.13281 12.7529 1.34375 12.917 1.625 12.917C7.625 12.917 12.5 8.06543 12.5 2.04199C12.5 1.78418 12.3125 1.57324 12.0547 1.50293Z\" fill=\"currentColor\"><\/path><\/svg><\/span>\t\t\t\t<\/div>\r\n\t\t\t\t\t\t<div class=\"indostio-icon-box__wrapper\">\r\n\t\t\t\t\t\t\t\t\t<h6 class=\"indostio-icon-box__title\">+372 5303 4211<\/h6>\r\n\t\t\t\t\t\t\t\t\t\t\t\t\t\t\t<\/div>\r\n\t\t<\/div>\r\n\t\t\t\t\t\t<\/div>\n\t\t\t\t<\/div>\n\t\t\t\t<\/div>\n\t\t<div class=\"elementor-element elementor-element-d34989e e-con-full e-flex e-con e-child\" data-id=\"d34989e\" data-element_type=\"container\">\n\t\t\t\t<div class=\"elementor-element elementor-element-a081806 elementor-widget elementor-widget-indostio-heading\" data-id=\"a081806\" data-element_type=\"widget\" data-widget_type=\"indostio-heading.default\">\n\t\t\t\t<div class=\"elementor-widget-container\">\n\t\t\t\t\t\t\t<div class=\"indostio-heading-elementor\">\r\n\t\t\t\t<h2 class=\"indostio-heading\">\r\n\t\t\t\t\tSoome\t\t\t\t<\/h2>\r\n\t\t\t<\/div>\r\n\t\t\t\t\t\t<\/div>\n\t\t\t\t<\/div>\n\t\t\t\t<div class=\"elementor-element elementor-element-bcee4b9 elementor-widget elementor-widget-indostio-heading\" data-id=\"bcee4b9\" data-element_type=\"widget\" data-widget_type=\"indostio-heading.default\">\n\t\t\t\t<div class=\"elementor-widget-container\">\n\t\t\t\t\t\t\t<div class=\"indostio-heading-elementor\">\r\n\t\t\t\t<div class=\"indostio-heading\">\r\n\t\t\t\t\tKouvola\t\t\t\t<\/div>\r\n\t\t\t<\/div>\r\n\t\t\t\t\t\t<\/div>\n\t\t\t\t<\/div>\n\t\t\t\t<div class=\"elementor-element elementor-element-fd9c17c elementor-widget elementor-widget-indostio-heading\" data-id=\"fd9c17c\" data-element_type=\"widget\" data-widget_type=\"indostio-heading.default\">\n\t\t\t\t<div class=\"elementor-widget-container\">\n\t\t\t\t\t\t\t<div class=\"indostio-heading-elementor\">\r\n\t\t\t\t<div class=\"indostio-heading\">\r\n\t\t\t\t\tinfo@petkus.fi\t\t\t\t<\/div>\r\n\t\t\t<\/div>\r\n\t\t\t\t\t\t<\/div>\n\t\t\t\t<\/div>\n\t\t\t\t<div class=\"elementor-element elementor-element-d688a12 indostio-icon-box__icon-alignment--left indostio-icon-box__vertical-align-middle indostio-icon-box__icon-position--left elementor-widget elementor-widget-indostio-icon-box\" data-id=\"d688a12\" data-element_type=\"widget\" data-widget_type=\"indostio-icon-box.default\">\n\t\t\t\t<div class=\"elementor-widget-container\">\n\t\t\t\t\t\t\t<div class=\"indostio-icon-box no-desc icon-type-icon\">\r\n\t\t\t\t\t\t\t\t\t\t<div class=\"indostio-icon-box__icon\">\r\n\t\t\t\t\t<span class=\"indostio-svg-icon\"><svg xmlns=\"http:\/\/www.w3.org\/2000\/svg\" width=\"13\" height=\"13\" viewbox=\"0 0 13 13\" fill=\"none\"><path d=\"M12.0547 1.50293L9.61719 0.94043C9.35938 0.870117 9.07812 1.01074 8.96094 1.26855L7.83594 3.89355C7.74219 4.12793 7.8125 4.38574 8 4.5498L9.42969 5.72168C8.58594 7.50293 7.10938 9.00293 5.28125 9.87012L4.10938 8.44043C3.94531 8.25293 3.6875 8.18262 3.45312 8.27637L0.828125 9.40137C0.570312 9.51855 0.453125 9.7998 0.5 10.0576L1.0625 12.4951C1.13281 12.7529 1.34375 12.917 1.625 12.917C7.625 12.917 12.5 8.06543 12.5 2.04199C12.5 1.78418 12.3125 1.57324 12.0547 1.50293Z\" fill=\"currentColor\"><\/path><\/svg><\/span>\t\t\t\t<\/div>\r\n\t\t\t\t\t\t<div class=\"indostio-icon-box__wrapper\">\r\n\t\t\t\t\t\t\t\t\t<h6 class=\"indostio-icon-box__title\">+358 405191756<\/h6>\r\n\t\t\t\t\t\t\t\t\t\t\t\t\t\t\t<\/div>\r\n\t\t<\/div>\r\n\t\t\t\t\t\t<\/div>\n\t\t\t\t<\/div>\n\t\t\t\t<\/div>\n\t\t\t\t<\/div>\n\t\t\t\t\t<\/div>\n\t\t\t\t<\/div>\n\t\t\t\t\t<\/div>\n\t\t\t\t<\/div>\n\t\t\t\t<\/div>","protected":false},"excerpt":{"rendered":"<p>V\u00f5tke meiega \u00fchendust K\u00fcsige hinnapakkumist v\u00f5i teavet meie toodete kohta. Eesti Tart-Hansu, Mustivere k\u00fcla, 71067 Viljandi vald, Viljandi maakond info@petkus.ee +372 5303 4211 Soome Kouvola info@petkus.fi +358 405191756<\/p>","protected":false},"author":1,"featured_media":0,"parent":0,"menu_order":0,"comment_status":"closed","ping_status":"closed","template":"","meta":{"footnotes":""},"class_list":["post-434","page","type-page","status-publish","hentry"],"_links":{"self":[{"href":"https:\/\/petkus.fi\/et\/wp-json\/wp\/v2\/pages\/434","targetHints":{"allow":["GET"]}}],"collection":[{"href":"https:\/\/petkus.fi\/et\/wp-json\/wp\/v2\/pages"}],"about":[{"href":"https:\/\/petkus.fi\/et\/wp-json\/wp\/v2\/types\/page"}],"author":[{"embeddable":true,"href":"https:\/\/petkus.fi\/et\/wp-json\/wp\/v2\/users\/1"}],"replies":[{"embeddable":true,"href":"https:\/\/petkus.fi\/et\/wp-json\/wp\/v2\/comments?post=434"}],"version-history":[{"count":5,"href":"https:\/\/petkus.fi\/et\/wp-json\/wp\/v2\/pages\/434\/revisions"}],"predecessor-version":[{"id":7236,"href":"https:\/\/petkus.fi\/et\/wp-json\/wp\/v2\/pages\/434\/revisions\/7236"}],"wp:attachment":[{"href":"https:\/\/petkus.fi\/et\/wp-json\/wp\/v2\/media?parent=434"}],"curies":[{"name":"wp","href":"https:\/\/api.w.org\/{rel}","templated":true}]}}