{"id":7580,"date":"2025-08-04T10:21:04","date_gmt":"2025-08-04T10:21:04","guid":{"rendered":"https:\/\/petkus.fi\/?page_id=7580"},"modified":"2025-08-04T10:31:12","modified_gmt":"2025-08-04T10:31:12","slug":"news","status":"publish","type":"page","link":"https:\/\/petkus.fi\/et\/news\/","title":{"rendered":"Uudised"},"content":{"rendered":"<div data-elementor-type=\"wp-page\" data-elementor-id=\"7580\" class=\"elementor elementor-7580\" data-elementor-post-type=\"page\">\n\t\t\t\t<div class=\"elementor-element elementor-element-4bdc028 e-flex e-con-boxed e-con e-parent\" data-id=\"4bdc028\" data-element_type=\"container\">\n\t\t\t\t\t<div class=\"e-con-inner\">\n\t\t\t\t<div class=\"elementor-element elementor-element-4509cd8 elementor-widget elementor-widget-heading\" data-id=\"4509cd8\" data-element_type=\"widget\" data-widget_type=\"heading.default\">\n\t\t\t\t<div class=\"elementor-widget-container\">\n\t\t\t\t\t<h1 class=\"elementor-heading-title elementor-size-default\">Uudised<\/h1>\t\t\t\t<\/div>\n\t\t\t\t<\/div>\n\t\t\t\t<div class=\"elementor-element elementor-element-16b2532 elementor-grid-2 elementor-grid-tablet-2 elementor-grid-mobile-1 elementor-posts--thumbnail-top elementor-posts--show-avatar elementor-card-shadow-yes elementor-posts__hover-gradient elementor-widget elementor-widget-posts\" data-id=\"16b2532\" data-element_type=\"widget\" data-settings=\"{&quot;cards_columns&quot;:&quot;2&quot;,&quot;cards_columns_tablet&quot;:&quot;2&quot;,&quot;cards_columns_mobile&quot;:&quot;1&quot;,&quot;cards_row_gap&quot;:{&quot;unit&quot;:&quot;px&quot;,&quot;size&quot;:35,&quot;sizes&quot;:[]},&quot;cards_row_gap_tablet&quot;:{&quot;unit&quot;:&quot;px&quot;,&quot;size&quot;:&quot;&quot;,&quot;sizes&quot;:[]},&quot;cards_row_gap_mobile&quot;:{&quot;unit&quot;:&quot;px&quot;,&quot;size&quot;:&quot;&quot;,&quot;sizes&quot;:[]}}\" data-widget_type=\"posts.cards\">\n\t\t\t\t<div class=\"elementor-widget-container\">\n\t\t\t\t\t\t\t<div class=\"elementor-posts-container elementor-posts elementor-posts--skin-cards elementor-grid\" role=\"list\">\n\t\t\t\t<article class=\"elementor-post elementor-grid-item post-7611 post type-post status-publish format-standard has-post-thumbnail hentry category-uncategorized-et\" role=\"listitem\">\n\t\t\t<div class=\"elementor-post__card\">\n\t\t\t\t<a class=\"elementor-post__thumbnail__link\" href=\"https:\/\/petkus.fi\/et\/merry-christmas-and-happy-new-year\/\" tabindex=\"-1\" target=\"_blank\"><div class=\"elementor-post__thumbnail\"><img fetchpriority=\"high\" decoding=\"async\" width=\"300\" height=\"300\" src=\"https:\/\/petkus.fi\/wp-content\/uploads\/2025\/12\/csm_SOCIAL_DE_2025-12-12_26496a6907-300x300.webp\" class=\"attachment-medium size-medium wp-image-7612\" alt=\"\" srcset=\"https:\/\/petkus.fi\/wp-content\/uploads\/2025\/12\/csm_SOCIAL_DE_2025-12-12_26496a6907-300x300.webp 300w, https:\/\/petkus.fi\/wp-content\/uploads\/2025\/12\/csm_SOCIAL_DE_2025-12-12_26496a6907-150x150.webp 150w, https:\/\/petkus.fi\/wp-content\/uploads\/2025\/12\/csm_SOCIAL_DE_2025-12-12_26496a6907-768x768.webp 768w, https:\/\/petkus.fi\/wp-content\/uploads\/2025\/12\/csm_SOCIAL_DE_2025-12-12_26496a6907-12x12.webp 12w, https:\/\/petkus.fi\/wp-content\/uploads\/2025\/12\/csm_SOCIAL_DE_2025-12-12_26496a6907.webp 1000w\" sizes=\"(max-width: 300px) 100vw, 300px\" \/><\/div><\/a>\n\t\t\t\t<div class=\"elementor-post__badge\">M\u00e4\u00e4ratlemata @et<\/div>\n\t\t\t\t<div class=\"elementor-post__avatar\">\n\t\t\t<img alt='petkus' src='https:\/\/secure.gravatar.com\/avatar\/57cf30d2b476f2359bd0b8e39a4284c18801566bc63035c9aab17a6e6d705aa8?s=128&#038;d=mm&#038;r=g' srcset='https:\/\/secure.gravatar.com\/avatar\/57cf30d2b476f2359bd0b8e39a4284c18801566bc63035c9aab17a6e6d705aa8?s=256&#038;d=mm&#038;r=g 2x' class='avatar avatar-128 photo' height='128' width='128' \/>\t\t<\/div>\n\t\t\t\t<div class=\"elementor-post__text\">\n\t\t\t\t<h3 class=\"elementor-post__title\">\n\t\t\t<a href=\"https:\/\/petkus.fi\/et\/merry-christmas-and-happy-new-year\/\" target=\"&quot;_blank&quot;\">\n\t\t\t\tH\u00e4id j\u00f5ule ja head uut aastat!\t\t\t<\/a>\n\t\t<\/h3>\n\t\t\t\t<div class=\"elementor-post__excerpt\">\n\t\t\t<p>Nii nagu hea seeme kannab oma viljas tulevikku, kasvab hea koost\u00f6\u00f6 usaldusest. Meil on olnud s\u00fcndmusterohke aasta, mida on iseloomustanud muutused<\/p>\n\t\t<\/div>\n\t\t\n\t\t<a class=\"elementor-post__read-more\" href=\"https:\/\/petkus.fi\/et\/merry-christmas-and-happy-new-year\/\" aria-label=\"Loe l\u00e4hemalt kohta H\u00e4id j\u00f5ule ja head uut aastat!\" tabindex=\"-1\" target=\"_blank\">\n\t\t\tLoe edasi \"\t\t<\/a>\n\n\t\t\t\t<\/div>\n\t\t\t\t<div class=\"elementor-post__meta-data\">\n\t\t\t\t\t<span class=\"elementor-post-date\">\n\t\t\tdetsember 19, 2025\t\t<\/span>\n\t\t\t\t<span class=\"elementor-post-avatar\">\n\t\t\tKommentaare pole\t\t<\/span>\n\t\t\t\t<\/div>\n\t\t\t\t\t<\/div>\n\t\t<\/article>\n\t\t\t\t<\/div>\n\t\t\n\t\t\t\t\t\t<\/div>\n\t\t\t\t<\/div>\n\t\t\t\t\t<\/div>\n\t\t\t\t<\/div>\n\t\t\t\t<\/div>","protected":false},"excerpt":{"rendered":"<p>Uudised<\/p>","protected":false},"author":1,"featured_media":0,"parent":0,"menu_order":0,"comment_status":"closed","ping_status":"closed","template":"","meta":{"footnotes":""},"class_list":["post-7580","page","type-page","status-publish","hentry"],"_links":{"self":[{"href":"https:\/\/petkus.fi\/et\/wp-json\/wp\/v2\/pages\/7580","targetHints":{"allow":["GET"]}}],"collection":[{"href":"https:\/\/petkus.fi\/et\/wp-json\/wp\/v2\/pages"}],"about":[{"href":"https:\/\/petkus.fi\/et\/wp-json\/wp\/v2\/types\/page"}],"author":[{"embeddable":true,"href":"https:\/\/petkus.fi\/et\/wp-json\/wp\/v2\/users\/1"}],"replies":[{"embeddable":true,"href":"https:\/\/petkus.fi\/et\/wp-json\/wp\/v2\/comments?post=7580"}],"version-history":[{"count":5,"href":"https:\/\/petkus.fi\/et\/wp-json\/wp\/v2\/pages\/7580\/revisions"}],"predecessor-version":[{"id":7594,"href":"https:\/\/petkus.fi\/et\/wp-json\/wp\/v2\/pages\/7580\/revisions\/7594"}],"wp:attachment":[{"href":"https:\/\/petkus.fi\/et\/wp-json\/wp\/v2\/media?parent=7580"}],"curies":[{"name":"wp","href":"https:\/\/api.w.org\/{rel}","templated":true}]}}