{"id":998,"date":"2023-10-22T02:41:32","date_gmt":"2023-10-22T02:41:32","guid":{"rendered":"http:\/\/localhost\/indostio\/?page_id=998"},"modified":"2025-07-25T12:29:44","modified_gmt":"2025-07-25T12:29:44","slug":"services","status":"publish","type":"page","link":"https:\/\/petkus.fi\/et\/services\/","title":{"rendered":"Teenused"},"content":{"rendered":"<div data-elementor-type=\"wp-page\" data-elementor-id=\"998\" class=\"elementor elementor-998\" data-elementor-post-type=\"page\">\n\t\t\t\t<div class=\"elementor-element elementor-element-1489318 e-flex e-con-boxed e-con e-parent\" data-id=\"1489318\" data-element_type=\"container\">\n\t\t\t\t\t<div class=\"e-con-inner\">\n\t\t\t\t<div class=\"elementor-element elementor-element-28781a9 elementor-widget elementor-widget-spacer\" data-id=\"28781a9\" data-element_type=\"widget\" data-widget_type=\"spacer.default\">\n\t\t\t\t<div class=\"elementor-widget-container\">\n\t\t\t\t\t\t\t<div class=\"elementor-spacer\">\n\t\t\t<div class=\"elementor-spacer-inner\"><\/div>\n\t\t<\/div>\n\t\t\t\t\t\t<\/div>\n\t\t\t\t<\/div>\n\t\t\t\t\t<\/div>\n\t\t\t\t<\/div>\n\t\t<div class=\"elementor-element elementor-element-698bf48 e-flex e-con-boxed e-con e-parent\" data-id=\"698bf48\" data-element_type=\"container\">\n\t\t\t\t\t<div class=\"e-con-inner\">\n\t\t\t\t<div class=\"elementor-element elementor-element-10e37fa elementor-widget elementor-widget-indostio-section-title\" data-id=\"10e37fa\" data-element_type=\"widget\" data-widget_type=\"indostio-section-title.default\">\n\t\t\t\t<div class=\"elementor-widget-container\">\n\t\t\t\t\t\t\t<div class=\"indostio-section-title\">\r\n\t\t\t\t<div class=\"indostio-section-title__content\">\r\n\t\t\t\t\t\t\t\t\t\t<h1 class=\"indostio-section-title_heading\">\r\n\t\t\t\t\t\tMeie teenused\t\t\t\t\t<\/h1>\r\n\t\t\t\t\t\t\t\t\t<\/div>\r\n\t\t\t\t\t\t\t<\/div>\r\n\t\t\t\t\t\t<\/div>\n\t\t\t\t<\/div>\n\t\t\t\t\t<\/div>\n\t\t\t\t<\/div>\n\t\t<div class=\"elementor-element elementor-element-a69f06a e-flex e-con-boxed e-con e-parent\" data-id=\"a69f06a\" data-element_type=\"container\">\n\t\t\t\t\t<div class=\"e-con-inner\">\n\t\t<div class=\"elementor-element elementor-element-93005a7 e-con-full e-flex e-con e-child\" data-id=\"93005a7\" data-element_type=\"container\">\n\t\t\t\t<div class=\"elementor-element elementor-element-e3943c8 elementor-widget elementor-widget-text-editor\" data-id=\"e3943c8\" data-element_type=\"widget\" data-widget_type=\"text-editor.default\">\n\t\t\t\t<div class=\"elementor-widget-container\">\n\t\t\t\t\t\t\t\t\t<p class=\"ng-star-inserted\"><span class=\"ng-star-inserted\">Soovi korral pakume klientidele seadmete \u00fclevaatust ja vajalike varuosade v\u00e4ljaselgitamist.<\/span><\/p>\t\t\t\t\t\t\t\t<\/div>\n\t\t\t\t<\/div>\n\t\t<div class=\"elementor-element elementor-element-8a7d877 e-flex e-con-boxed e-con e-child\" data-id=\"8a7d877\" data-element_type=\"container\">\n\t\t\t\t\t<div class=\"e-con-inner\">\n\t\t\t\t<div class=\"elementor-element elementor-element-1ac3c6d elementor-widget elementor-widget-text-editor\" data-id=\"1ac3c6d\" data-element_type=\"widget\" data-widget_type=\"text-editor.default\">\n\t\t\t\t<div class=\"elementor-widget-container\">\n\t\t\t\t\t\t\t\t\t<ul><li class=\"ng-star-inserted\"><span class=\"ng-star-inserted\">Anname n\u00f5u seemnesorteerijate s\u00f5elade valikul, et saavutada parim t\u00f6\u00f6kvaliteet.<\/span><\/li><li class=\"ng-star-inserted\"><span class=\"ng-star-inserted\">Koolitame operaatorid Petkus'e sorteerijate kasutamise ja hoolduse alal.<\/span><\/li><li class=\"ng-star-inserted\"><span class=\"ng-star-inserted\">N\u00f5ustame kliente seadmete valikul ning seisame nende k\u00f5rval n\u00f5u ja toetusega kuni seadmete kasutuselev\u00f5tmiseni.<\/span><\/li><\/ul><p class=\"ng-star-inserted\"><span class=\"ng-star-inserted\">Invite us over and let\u2019s see what can be done with your older equipment<\/span><\/p>\t\t\t\t\t\t\t\t<\/div>\n\t\t\t\t<\/div>\n\t\t\t\t\t<\/div>\n\t\t\t\t<\/div>\n\t\t<div class=\"elementor-element elementor-element-ff3feae e-flex e-con-boxed e-con e-child\" data-id=\"ff3feae\" data-element_type=\"container\">\n\t\t\t\t\t<div class=\"e-con-inner\">\n\t\t\t\t<div class=\"elementor-element elementor-element-93bdefa elementor-widget elementor-widget-button\" data-id=\"93bdefa\" data-element_type=\"widget\" data-widget_type=\"button.default\">\n\t\t\t\t<div class=\"elementor-widget-container\">\n\t\t\t\t\t\t\t\t\t<div class=\"elementor-button-wrapper\">\n\t\t\t\t\t<a class=\"elementor-button elementor-button-link elementor-size-xs\" href=\"https:\/\/petkus.fi\/et\/contact-us\/\">\n\t\t\t\t\t\t<span class=\"elementor-button-content-wrapper\">\n\t\t\t\t\t\t<span class=\"elementor-button-icon\">\n\t\t\t\t<svg xmlns=\"http:\/\/www.w3.org\/2000\/svg\" width=\"12\" height=\"12\" viewbox=\"0 0 12 12\" fill=\"none\"><path d=\"M11.3438 6.28125C11.5 6.125 11.5 5.90625 11.3438 5.75L6.78125 1.125C6.625 0.96875 6.375 0.96875 6.25 1.125L5.625 1.75C5.46875 1.875 5.46875 2.125 5.625 2.28125L9.3125 6L5.625 9.75C5.46875 9.90625 5.46875 10.125 5.625 10.2812L6.25 10.9062C6.375 11.0625 6.625 11.0625 6.78125 10.9062L11.3438 6.28125ZM6.34375 5.75L1.78125 1.125C1.625 0.96875 1.375 0.96875 1.25 1.125L0.625 1.75C0.46875 1.875 0.46875 2.125 0.625 2.28125L4.3125 6L0.625 9.75C0.46875 9.90625 0.46875 10.125 0.625 10.2812L1.25 10.9062C1.375 11.0625 1.625 11.0625 1.78125 10.9062L6.34375 6.28125C6.5 6.125 6.5 5.90625 6.34375 5.75Z\" fill=\"currentColor\"><\/path><\/svg>\t\t\t<\/span>\n\t\t\t\t\t\t\t\t\t<span class=\"elementor-button-text\">V\u00f5tke \u00fchendust<\/span>\n\t\t\t\t\t<\/span>\n\t\t\t\t\t<\/a>\n\t\t\t\t<\/div>\n\t\t\t\t\t\t\t\t<\/div>\n\t\t\t\t<\/div>\n\t\t\t\t\t<\/div>\n\t\t\t\t<\/div>\n\t\t\t\t<\/div>\n\t\t<div class=\"elementor-element elementor-element-61ae62d e-con-full e-flex e-con e-child\" data-id=\"61ae62d\" data-element_type=\"container\">\n\t\t\t\t<div class=\"elementor-element elementor-element-c9a9eb6 elementor-widget elementor-widget-image\" data-id=\"c9a9eb6\" data-element_type=\"widget\" data-widget_type=\"image.default\">\n\t\t\t\t<div class=\"elementor-widget-container\">\n\t\t\t\t\t\t\t\t\t\t\t\t\t\t\t<img fetchpriority=\"high\" decoding=\"async\" width=\"640\" height=\"480\" src=\"https:\/\/petkus.fi\/wp-content\/uploads\/2025\/01\/IMG_20180814_111832.jpeg\" class=\"attachment-large size-large wp-image-3374\" alt=\"\" srcset=\"https:\/\/petkus.fi\/wp-content\/uploads\/2025\/01\/IMG_20180814_111832.jpeg 640w, https:\/\/petkus.fi\/wp-content\/uploads\/2025\/01\/IMG_20180814_111832-300x225.jpeg 300w, https:\/\/petkus.fi\/wp-content\/uploads\/2025\/01\/IMG_20180814_111832-600x450.jpeg 600w\" sizes=\"(max-width: 640px) 100vw, 640px\" \/>\t\t\t\t\t\t\t\t\t\t\t\t\t\t\t<\/div>\n\t\t\t\t<\/div>\n\t\t\t\t<\/div>\n\t\t\t\t\t<\/div>\n\t\t\t\t<\/div>\n\t\t\t\t<\/div>","protected":false},"excerpt":{"rendered":"<p>Our services Upon request, we offer clients equipment inspection and the identification of necessary spare parts. We provide advice on the selection of screens for seed sorters to achieve the best work quality. We train operators in the use and maintenance of Petkus sorters. We advise clients on the selection of equipment and stand by [&hellip;]<\/p>\n","protected":false},"author":1,"featured_media":0,"parent":0,"menu_order":0,"comment_status":"closed","ping_status":"closed","template":"","meta":{"footnotes":""},"class_list":["post-998","page","type-page","status-publish","hentry"],"_links":{"self":[{"href":"https:\/\/petkus.fi\/et\/wp-json\/wp\/v2\/pages\/998","targetHints":{"allow":["GET"]}}],"collection":[{"href":"https:\/\/petkus.fi\/et\/wp-json\/wp\/v2\/pages"}],"about":[{"href":"https:\/\/petkus.fi\/et\/wp-json\/wp\/v2\/types\/page"}],"author":[{"embeddable":true,"href":"https:\/\/petkus.fi\/et\/wp-json\/wp\/v2\/users\/1"}],"replies":[{"embeddable":true,"href":"https:\/\/petkus.fi\/et\/wp-json\/wp\/v2\/comments?post=998"}],"version-history":[{"count":5,"href":"https:\/\/petkus.fi\/et\/wp-json\/wp\/v2\/pages\/998\/revisions"}],"predecessor-version":[{"id":7224,"href":"https:\/\/petkus.fi\/et\/wp-json\/wp\/v2\/pages\/998\/revisions\/7224"}],"wp:attachment":[{"href":"https:\/\/petkus.fi\/et\/wp-json\/wp\/v2\/media?parent=998"}],"curies":[{"name":"wp","href":"https:\/\/api.w.org\/{rel}","templated":true}]}}