{"id":2186,"date":"2023-10-26T14:14:29","date_gmt":"2023-10-26T14:14:29","guid":{"rendered":"http:\/\/localhost\/indostio\/?page_id=2186"},"modified":"2025-07-25T12:41:33","modified_gmt":"2025-07-25T12:41:33","slug":"warranty-conditions","status":"publish","type":"page","link":"https:\/\/petkus.fi\/fi\/warranty-conditions\/","title":{"rendered":"Takuuehdot"},"content":{"rendered":"<div data-elementor-type=\"wp-page\" data-elementor-id=\"2186\" class=\"elementor elementor-2186\" data-elementor-post-type=\"page\">\n\t\t\t\t<div class=\"elementor-element elementor-element-0cde7b6 e-flex e-con-boxed e-con e-parent\" data-id=\"0cde7b6\" data-element_type=\"container\">\n\t\t\t\t\t<div class=\"e-con-inner\">\n\t\t<div class=\"elementor-element elementor-element-b3e76c6 e-con-full e-flex e-con e-child\" data-id=\"b3e76c6\" data-element_type=\"container\">\n\t\t\t\t<div class=\"elementor-element elementor-element-9b84f2a elementor-widget elementor-widget-indostio-section-title\" data-id=\"9b84f2a\" data-element_type=\"widget\" data-widget_type=\"indostio-section-title.default\">\n\t\t\t\t<div class=\"elementor-widget-container\">\n\t\t\t\t\t\t\t<div class=\"indostio-section-title\">\r\n\t\t\t\t<div class=\"indostio-section-title__content\">\r\n\t\t\t\t\t\t\t\t\t\t\t<span class=\"indostio-section-title_subheading\">Baltik Agro Service O\u00dc<\/span>\r\n\t\t\t\t\t\t\t\t\t\t<h2 class=\"indostio-section-title_heading\">\r\n\t\t\t\t\t\tTakuuehdot\t\t\t\t\t<\/h2>\r\n\t\t\t\t\t\t\t\t\t<\/div>\r\n\t\t\t\t\t\t\t<\/div>\r\n\t\t\t\t\t\t<\/div>\n\t\t\t\t<\/div>\n\t\t<div class=\"elementor-element elementor-element-ddf5bfd e-flex e-con-boxed e-con e-child\" data-id=\"ddf5bfd\" data-element_type=\"container\">\n\t\t\t\t\t<div class=\"e-con-inner\">\n\t\t\t\t<div class=\"elementor-element elementor-element-9c9871d elementor-widget elementor-widget-text-editor\" data-id=\"9c9871d\" data-element_type=\"widget\" data-widget_type=\"text-editor.default\">\n\t\t\t\t<div class=\"elementor-widget-container\">\n\t\t\t\t\t\t\t\t\t<p><strong>Baltik Agro Service O\u00dc<\/strong> (j\u00e4ljemp\u00e4n\u00e4 'BAS') my\u00f6nt\u00e4\u00e4 myymilleen\/korjaamilleen laitteille takuun mahdollisten rakenne-, valmistus- ja materiaalivirheiden varalta.<\/p><p>Takuuajan p\u00e4\u00e4ttymisen j\u00e4lkeen takuuaikana tehty vikailmoitus ei ole p\u00e4tev\u00e4, ellei sit\u00e4 ole tehty kirjallisesti.<\/p><p>Uusien laitteiden takuuaika on kaksi (2) vuotta laitteen luovuttamisesta ostajalle.<\/p><p>Kunnostettujen\/korjattujen laitteiden takuuaika on yksi (1) vuosi laitteen luovuttamisesta ostajalle.<\/p><p>Takuu on voimassa myydyn\/korjatun laitteen ensimm\u00e4iselle ostajalle\/k\u00e4ytt\u00e4j\u00e4lle.<br \/>The client ordering warranty repair must prove the validity of the equipment\u2019s warranty period.<\/p><p><strong>TAKUU KATTAA<\/strong>:<\/p><p>Takuu kattaa kustannukset, jotka aiheutuvat BAS:n takuuaikana havaitsemien laitteiden rakenne-, valmistus- ja materiaalivikojen korjaamisesta. BAS korjaa edell\u00e4 mainitut viat ja palauttaa laitteen toimintakuntoon. Takuun puitteissa korvatut osat ja komponentit ovat myyj\u00e4n omaisuutta, ja ne on palautettava.<\/p><p><strong>TAKUUTY\u00d6N SUORITTAMINEN<\/strong>:<\/p><p>Permanently installed equipment will be repaired at the client\u2019s location on working days between 8:00 and 16:30, but by special arrangement, outside of normal working hours at the client\u2019s request. If the client requests that the warranty repair be carried out outside of normal working hours, they will compensate for the resulting additional costs. When a technician arrives on-site for an equipment inspection, free access to the equipment must be prepared for the technician.<\/p><p><strong>VASTUUN JA TAKUUN RAJOITUKSET:<\/strong><\/p><p>This warranty is valid on the condition that the equipment has been used in what are considered normal conditions and that the operating instructions have been carefully followed. If the aforementioned conditions are met, BAS is responsible. The warranty does not compensate for losses that a defect in the equipment may cause, including property damage, personal injury, and damage to other objects, loss of income, and other indirect damages. Warranty repair does not include the regular maintenance of the equipment and does not cover expenses arising from the failure to comply with the equipment\u2019s use and maintenance regulations.<\/p><p><strong>TAKUU EI KATA VIKOJA, JOTKA OVAT AIHEUTUNEET:<\/strong><\/p><p>V\u00e4\u00e4r\u00e4nlainen kuljetus, vaatimustenvastainen nosto tai siirto ja laitteiden asennuss\u00e4\u00e4nt\u00f6jen noudattamatta j\u00e4tt\u00e4minen (paitsi BAS:n suorittamana). Laitteen k\u00e4ytt\u00e4j\u00e4n huolimattomuus tai laitteen ylikuormittaminen tai k\u00e4ytt\u00f6ohjeiden tai k\u00e4sittelyolosuhteiden noudattamatta j\u00e4tt\u00e4minen. Laitteen k\u00e4ytt\u00f6 muuhun kuin sen k\u00e4ytt\u00f6tarkoitukseen. BAS:st\u00e4 riippumattomat olosuhteet, kuten j\u00e4nnitteen vaihtelut, tulipalo, v\u00e4\u00e4r\u00e4t kytkenn\u00e4t, luvattomien huoltoliikkeiden suorittamien korjaus- tai huoltot\u00f6iden aiheuttamat vauriot tai laitteeseen tehdyt rakenteelliset muutokset. Asennus tai sijoittaminen k\u00e4ytt\u00f6paikalle, joka ei ole asennus- ja k\u00e4ytt\u00f6ohjeiden mukainen tai joka on muutoin ep\u00e4asianmukainen. K\u00e4ytt\u00e4j\u00e4n vaatimustenvastaiset k\u00e4sittelyolosuhteet (esimerkiksi pakkasl\u00e4mp\u00f6tilat).<\/p><p><strong>PIENET VIAT, S\u00c4\u00c4D\u00d6T, K\u00c4YTT\u00d6OHJEET JA LAITETARVIKKEET:<\/strong><\/p><p>Takuu ei kata laitteen toiminnan kannalta merkityksett\u00f6mien pintanaarmujen korjausta, vakiok\u00e4ytt\u00f6ohjeissa mainittuja s\u00e4\u00e4t\u00f6j\u00e4, paikan p\u00e4\u00e4ll\u00e4 tapahtuvaa k\u00e4ytt\u00f6koulutusta eik\u00e4 t\u00f6it\u00e4, jotka johtuvat varo- tai asennuss\u00e4\u00e4nt\u00f6jen tai niiden selitt\u00e4misen laiminly\u00f6nnist\u00e4 asennuspaikalla. Takuu ei kata osia, jotka rikkoutuvat normaalin k\u00e4yt\u00f6n tai luonnollisen kulumisen seurauksena, esim. varoitusvalot, liikkuvat muoviosat ja tiivisteet.<\/p><p><strong>TOIMENPITEET, JOIHIN ON RYHDYTT\u00c4V\u00c4 VIAN ILMETESS\u00c4:<\/strong><\/p><p>Jos takuuaikana ilmenee vika, asiakkaan on v\u00e4litt\u00f6m\u00e4sti ilmoitettava siit\u00e4 Baltik Agro Service O\u00dc:lle. Ilmoittaessaan viasta asiakkaan on ilmoitettava, mist\u00e4 laitteesta on kyse (merkki, malli), kuvattava vian luonne mahdollisimman tarkasti ja olosuhteet, joissa vika on olemassa ja\/tai ilmenee. BAS m\u00e4\u00e4ritt\u00e4\u00e4 omalta osaltaan, kuuluuko laite ja kuvattu vika takuun piiriin, ja antaa asiakkaalle tiedot korjaustavasta ja -ajasta.<\/p>\t\t\t\t\t\t\t\t<\/div>\n\t\t\t\t<\/div>\n\t\t\t\t\t<\/div>\n\t\t\t\t<\/div>\n\t\t\t\t<\/div>\n\t\t\t\t\t<\/div>\n\t\t\t\t<\/div>\n\t\t\t\t<\/div>","protected":false},"excerpt":{"rendered":"<p>Baltik Agro Service O\u00dc Warranty conditions Baltik Agro Service O\u00dc (hereinafter referred to as BAS) provides a warranty for the equipment it sells\/repairs against possible construction, manufacturing, and material defects. After the warranty period has expired, a claim of notification of a defect during the warranty period is not valid unless it has been made [&hellip;]<\/p>\n","protected":false},"author":1,"featured_media":0,"parent":0,"menu_order":0,"comment_status":"closed","ping_status":"closed","template":"","meta":{"footnotes":""},"class_list":["post-2186","page","type-page","status-publish","hentry"],"_links":{"self":[{"href":"https:\/\/petkus.fi\/fi\/wp-json\/wp\/v2\/pages\/2186","targetHints":{"allow":["GET"]}}],"collection":[{"href":"https:\/\/petkus.fi\/fi\/wp-json\/wp\/v2\/pages"}],"about":[{"href":"https:\/\/petkus.fi\/fi\/wp-json\/wp\/v2\/types\/page"}],"author":[{"embeddable":true,"href":"https:\/\/petkus.fi\/fi\/wp-json\/wp\/v2\/users\/1"}],"replies":[{"embeddable":true,"href":"https:\/\/petkus.fi\/fi\/wp-json\/wp\/v2\/comments?post=2186"}],"version-history":[{"count":5,"href":"https:\/\/petkus.fi\/fi\/wp-json\/wp\/v2\/pages\/2186\/revisions"}],"predecessor-version":[{"id":7232,"href":"https:\/\/petkus.fi\/fi\/wp-json\/wp\/v2\/pages\/2186\/revisions\/7232"}],"wp:attachment":[{"href":"https:\/\/petkus.fi\/fi\/wp-json\/wp\/v2\/media?parent=2186"}],"curies":[{"name":"wp","href":"https:\/\/api.w.org\/{rel}","templated":true}]}}